{"id":7941,"date":"2022-10-13T09:33:21","date_gmt":"2022-10-13T07:33:21","guid":{"rendered":"https:\/\/adventupuli.hr\/marketing\/"},"modified":"2025-10-01T13:31:53","modified_gmt":"2025-10-01T11:31:53","slug":"marketing","status":"publish","type":"page","link":"https:\/\/adventupuli.hr\/it\/marketing\/","title":{"rendered":"Marketing"},"content":{"rendered":"\t\t<div data-elementor-type=\"wp-page\" data-elementor-id=\"7941\" class=\"elementor elementor-7941 elementor-3752\">\n\t\t\t\t\t\t<section class=\"elementor-section elementor-top-section elementor-element elementor-element-5fd1ba7 elementor-section-boxed elementor-section-height-default elementor-section-height-default\" data-id=\"5fd1ba7\" data-element_type=\"section\" data-settings=\"{&quot;background_background&quot;:&quot;classic&quot;}\">\n\t\t\t\t\t\t<div class=\"elementor-container elementor-column-gap-default\">\n\t\t\t\t\t<div class=\"elementor-column elementor-col-100 elementor-top-column elementor-element elementor-element-f7558b4\" data-id=\"f7558b4\" data-element_type=\"column\">\n\t\t\t<div class=\"elementor-widget-wrap elementor-element-populated\">\n\t\t\t\t\t\t<div class=\"elementor-element elementor-element-e2cc114 elementor-widget elementor-widget-exhibz-title\" data-id=\"e2cc114\" data-element_type=\"widget\" data-settings=\"{&quot;ekit_we_effect_on&quot;:&quot;none&quot;}\" data-widget_type=\"exhibz-title.default\">\n\t\t\t\t<div class=\"elementor-widget-container\">\n\t\t\t\t\t\n    <div class=\"title-section-area\">\n        <h2 class=\"section-title\">\n            <span class=\"sub-title\">Marketing<\/span>\n\t\t\t        <\/h2>\n\t\t                    <span class=\"title-shape\">\n                  <svg xmlns='http:\/\/www.w3.org\/2000\/svg' xmlns:xlink='http:\/\/www.w3.org\/1999\/xlink' width='71px' height='11px'> <path fill-rule='evenodd' d='M59.669,10.710 L49.164,3.306 L39.428,10.681 L29.714,3.322 L20.006,10.682 L10.295,3.322 L1.185,10.228 L-0.010,8.578 L10.295,0.765 L20.006,8.125 L29.714,0.765 L39.428,8.125 L49.122,0.781 L59.680,8.223 L69.858,1.192 L70.982,2.895 L59.669,10.710 Z'\/><\/svg>\n            <\/span>\n                    <\/div><!-- Section title -->\n    \n    \n\n    \t\t\t\t<\/div>\n\t\t\t\t<\/div>\n\t\t\t\t<div class=\"elementor-element elementor-element-d43287a elementor-widget elementor-widget-text-editor\" data-id=\"d43287a\" data-element_type=\"widget\" data-settings=\"{&quot;ekit_we_effect_on&quot;:&quot;none&quot;}\" data-widget_type=\"text-editor.default\">\n\t\t\t\t<div class=\"elementor-widget-container\">\n\t\t\t\t\t\t\t\t\t<p><strong>Diventate protagonisti della magia natalizia \u2013 unite il vostro brand all\u2019Avvento di Pola come SPONSOR esclusivo!<\/strong><\/p><p>L\u2019Avvento a Pola \u00e8 diventato uno degli eventi invernali pi\u00f9 affascinanti della regione, riconosciuto sia dai visitatori locali che internazionali. Lo scorso anno l\u2019Avvento \u00e8 stato caratterizzato da una spettacolare novit\u00e0 \u2013 <strong>la pista di pattinaggio all\u2019interno dell\u2019Arena di Pola<\/strong>, un\u2019attrazione che ha conquistato i media e i social network in tutto il mondo.<\/p><p>Quest\u2019anno desideriamo creare insieme a voi un programma ancora pi\u00f9 ricco e un\u2019esperienza indimenticabile per tutti i visitatori. <strong>Sponsorizzando l\u2019Avvento a Pola, la vostra azienda ottiene un\u2019opportunit\u00e0 unica di:<\/strong><\/p><p>\u2714 <strong>essere presente nei luoghi cittadini pi\u00f9 frequentati<\/strong> \u2013 dalla piazza centrale alle passeggiate gremite di visitatori;<br \/>\u2714<strong> comunicare con migliaia di persone dal vivo e attraverso la visibilit\u00e0 mediatica;<\/strong><br \/>\u2714 <strong>associare il proprio brand a emozioni positive, senso di comunit\u00e0 e atmosfera natalizia.<br \/><\/strong><br \/><strong>Unitevi a noi e diventate parte di una storia che cresce di anno in anno perch\u00e9 l\u2019Avvento a Pola non \u00e8 solo una manifestazione, ma un\u2019esperienza che tutti ricordano!<\/strong><\/p><p><strong>Opportunit\u00e0 per mettere in risalto il vostro brand all\u2019Avvento di Pola<\/strong><\/p><p>L\u2019Avvento a Pola offre un\u2019opportunit\u00e0 unica di connettere il vostro brand con la magia delle feste nei luoghi cittadini pi\u00f9 suggestivi. Dalle installazioni creative agli spazi brandizzati fino alla visibilit\u00e0 digitale \u2013 la vostra azienda pu\u00f2 diventare parte della magia che migliaia di visitatori portano nel cuore.<\/p><p><strong>Giardini<\/strong><\/p><ul><li>Palline e decorazioni natalizie sponsorizzate o il <em>vostro <\/em>albero brandizzato<\/li><li>Materiale visivo dello sponsor sulle casette e nei men\u00f9<\/li><li><strong>Angolo del vischio<\/strong> \u2013 romantico photo point con branding dello sponsor<\/li><li><strong>Photo point<\/strong> \u2013 decorazione e personalizzazione secondo le vostre esigenze<\/li><li>Area esclusiva dedicata alla valorizzazione del vostro brand<\/li><li>Branding dell\u2019area attorno alle casette gastronomiche \u2013 posti in piedi e a sedere<\/li><\/ul><p><strong>Portarata<\/strong><\/p><ul><li>Striscione con logo dello sponsor sul palco principale<\/li><li>Branding delle casette e dei listini prezzi<\/li><li><strong>Capodanno a mezzogiorno<\/strong> \u2013 opportunit\u00e0 esclusiva per gli sponsor, palloncini con logo dello sponsor<\/li><\/ul><p><strong>Parco della citt\u00e0 di Graz<\/strong><\/p><ul><li>Branding del palco<\/li><li>Materiale visivo dello sponsor su casette e listini prezzi<\/li><li><strong>Photo point<\/strong> nello stile del brand<\/li><li><strong>Casetta degli elfi<\/strong> \u2013 occasione creativa per la vostra storia<\/li><li><strong>Ufficio postale di Babbo Natale<\/strong> \u2013 branding dedicato<\/li><\/ul><p><strong>Arena &#8211; Pista di pattinaggio<\/strong><\/p><ul><li>Logo dello sponsor sul lato interno delle balaustre<\/li><li>Branding delle casette e dei listini prezzi<\/li><li>Logo sul ghiaccio della pista di pattinaggio \u2013 visibilit\u00e0 esclusiva!<\/li><\/ul><p><strong>Visibilit\u00e0 mediatica<\/strong><\/p><p><strong>Materiali stampati:<\/strong><\/p><ul><li>Cartelloni pubblicitari giganti (materiale visivo \/ auguri di buon anno \/ Capodanno)<\/li><li>Manifesti retroilluminati (<em>Citylights<\/em>)<\/li><li>Manifesti B1<\/li><li>Lettere di Babbo Natale e cartoline con materiale visivo dello sponsor<\/li><\/ul><p><strong>Canali digitali:<\/strong><\/p><ul><li>Sito ufficiale <a href=\"http:\/\/www.adventupuli.hr\">adventupuli.hr<\/a><\/li><li>Facebook &amp; Instagram \u2013 post, stories, campagne<\/li><\/ul><p><strong>Cinema Valli:<\/strong><\/p><ul><li>Proiezione esclusiva del vostro contenuto (spot o statico) sul grande schermo, per una visibilit\u00e0 di prestigio.<\/li><li>Materiale visivo dello sponsor sugli schermi al plasma nell\u2019atrio del cinema<\/li><\/ul><p>_______________________________________<br \/><strong>Contatto <\/strong><\/p><p><strong>Marina Majeti\u0107<\/strong> \u2013 Responsabile sponsorizzazioni<\/p><p>Tel.: +385 52 644 085<\/p><p>Cell: +385 99 607 84 65<\/p><p>Email: <a href=\"mailto:marina@pulafilmfestival.hr\">marina@pulafilmfestival.hr<\/a><\/p><p><strong>Conferite al vostro brand il privilegio di essere protagonista del pi\u00f9 affascinante evento natalizio dell\u2019Istria! <a href=\"https:\/\/adventupuli.hr\/wp-content\/uploads\/2025\/10\/ADVENT-2025-IT.pdf\"><u>Scarica<\/u><\/a> la brochure con informazioni e opportunit\u00e0 per gli sponsor.<\/strong><\/p>\t\t\t\t\t\t\t\t<\/div>\n\t\t\t\t<\/div>\n\t\t\t\t\t<\/div>\n\t\t<\/div>\n\t\t\t\t\t<\/div>\n\t\t<\/section>\n\t\t\t\t<\/div>\n\t\t","protected":false},"excerpt":{"rendered":"<p>Marketing Diventate protagonisti della magia natalizia \u2013 unite il vostro brand all\u2019Avvento di Pola come SPONSOR esclusivo! L\u2019Avvento a Pola \u00e8 diventato uno degli eventi invernali pi\u00f9 affascinanti della regione, riconosciuto sia dai visitatori locali che internazionali. Lo scorso anno l\u2019Avvento \u00e8 stato caratterizzato da una spettacolare novit\u00e0 \u2013 la pista di pattinaggio all\u2019interno dell\u2019Arena [&hellip;]<\/p>\n","protected":false},"author":1,"featured_media":0,"parent":0,"menu_order":0,"comment_status":"closed","ping_status":"closed","template":"elementor_header_footer","meta":{"_acf_changed":false,"footnotes":""},"class_list":["post-7941","page","type-page","status-publish","hentry"],"acf":[],"aioseo_notices":[],"_links":{"self":[{"href":"https:\/\/adventupuli.hr\/it\/wp-json\/wp\/v2\/pages\/7941","targetHints":{"allow":["GET"]}}],"collection":[{"href":"https:\/\/adventupuli.hr\/it\/wp-json\/wp\/v2\/pages"}],"about":[{"href":"https:\/\/adventupuli.hr\/it\/wp-json\/wp\/v2\/types\/page"}],"author":[{"embeddable":true,"href":"https:\/\/adventupuli.hr\/it\/wp-json\/wp\/v2\/users\/1"}],"replies":[{"embeddable":true,"href":"https:\/\/adventupuli.hr\/it\/wp-json\/wp\/v2\/comments?post=7941"}],"version-history":[{"count":7,"href":"https:\/\/adventupuli.hr\/it\/wp-json\/wp\/v2\/pages\/7941\/revisions"}],"predecessor-version":[{"id":21615,"href":"https:\/\/adventupuli.hr\/it\/wp-json\/wp\/v2\/pages\/7941\/revisions\/21615"}],"wp:attachment":[{"href":"https:\/\/adventupuli.hr\/it\/wp-json\/wp\/v2\/media?parent=7941"}],"curies":[{"name":"wp","href":"https:\/\/api.w.org\/{rel}","templated":true}]}}