{"id":17191,"date":"2022-10-13T09:36:51","date_gmt":"2022-10-13T07:36:51","guid":{"rendered":"https:\/\/adventupuli.hr\/lokacije-2\/"},"modified":"2025-09-26T11:53:38","modified_gmt":"2025-09-26T09:53:38","slug":"lokacije-2","status":"publish","type":"page","link":"https:\/\/adventupuli.hr\/en\/lokacije-2\/","title":{"rendered":"Locations"},"content":{"rendered":"\t\t<div data-elementor-type=\"wp-page\" data-elementor-id=\"17191\" class=\"elementor elementor-17191 elementor-3770\">\n\t\t\t\t\t\t<section class=\"elementor-section elementor-top-section elementor-element elementor-element-b1acc91 elementor-section-boxed elementor-section-height-default elementor-section-height-default\" data-id=\"b1acc91\" data-element_type=\"section\">\n\t\t\t\t\t\t<div class=\"elementor-container elementor-column-gap-default\">\n\t\t\t\t\t<div class=\"elementor-column elementor-col-100 elementor-top-column elementor-element elementor-element-fc80a9f\" data-id=\"fc80a9f\" data-element_type=\"column\">\n\t\t\t<div class=\"elementor-widget-wrap elementor-element-populated\">\n\t\t\t\t\t\t<div class=\"elementor-element elementor-element-dbc8271 elementor-widget elementor-widget-exhibz-title\" data-id=\"dbc8271\" data-element_type=\"widget\" data-settings=\"{&quot;ekit_we_effect_on&quot;:&quot;none&quot;}\" data-widget_type=\"exhibz-title.default\">\n\t\t\t\t<div class=\"elementor-widget-container\">\n\t\t\t\t\t\n    <div class=\"title-section-area\">\n        <h2 class=\"section-title\">\n            <span class=\"sub-title\">Location<\/span>\n\t\t\t        <\/h2>\n\t\t                    <span class=\"title-shape\">\n                  <svg xmlns='http:\/\/www.w3.org\/2000\/svg' xmlns:xlink='http:\/\/www.w3.org\/1999\/xlink' width='71px' height='11px'> <path fill-rule='evenodd' d='M59.669,10.710 L49.164,3.306 L39.428,10.681 L29.714,3.322 L20.006,10.682 L10.295,3.322 L1.185,10.228 L-0.010,8.578 L10.295,0.765 L20.006,8.125 L29.714,0.765 L39.428,8.125 L49.122,0.781 L59.680,8.223 L69.858,1.192 L70.982,2.895 L59.669,10.710 Z'\/><\/svg>\n            <\/span>\n                    <\/div><!-- Section title -->\n    \n    \n\n    \t\t\t\t<\/div>\n\t\t\t\t<\/div>\n\t\t\t\t\t<\/div>\n\t\t<\/div>\n\t\t\t\t\t<\/div>\n\t\t<\/section>\n\t\t\t\t<section class=\"elementor-section elementor-top-section elementor-element elementor-element-1ab54a4 elementor-section-boxed elementor-section-height-default elementor-section-height-default\" data-id=\"1ab54a4\" data-element_type=\"section\">\n\t\t\t\t\t\t<div class=\"elementor-container elementor-column-gap-default\">\n\t\t\t\t\t<div class=\"elementor-column elementor-col-100 elementor-top-column elementor-element elementor-element-ed71acd\" data-id=\"ed71acd\" data-element_type=\"column\">\n\t\t\t<div class=\"elementor-widget-wrap elementor-element-populated\">\n\t\t\t\t\t\t<div class=\"elementor-element elementor-element-06695d8 elementor-widget elementor-widget-exhibz-event-location\" data-id=\"06695d8\" data-element_type=\"widget\" data-settings=\"{&quot;ekit_we_effect_on&quot;:&quot;none&quot;}\" data-widget_type=\"exhibz-event-location.default\">\n\t\t\t\t<div class=\"elementor-widget-container\">\n\t\t\t\t\t\n    <div class=\"row\">\n                    <div class=\"col-lg-4 col-md-6\">\n                <div class=\"location-box\">\n                                        <div class=\"location-image\">\n                    <a href=\"https:\/\/adventupuli.hr\/en\/event-location\/karolina-parking\/\"><img decoding=\"async\" src=\"\/\/adventupuli.hr\/wp-content\/uploads\/2025\/11\/ostalo-lokacija.jpg\" alt=\"location image\" \/><\/a>\n                    <\/div>\n                                        <div class=\"location-des\">\n                        <a href=\"https:\/\/adventupuli.hr\/en\/event-location\/karolina-parking\/\">\n                            <span class=\"location-name\">Karolina Parking<\/span>\n                            <span class=\"event-number\">1 Events<\/span>\n                        <\/a>\n                    <\/div>\n                <\/div>\n            <\/div>\n                    <div class=\"col-lg-4 col-md-6\">\n                <div class=\"location-box\">\n                                        <div class=\"location-image\">\n                    <a href=\"https:\/\/adventupuli.hr\/en\/event-location\/arena-en\/\"><img decoding=\"async\" src=\"\/\/adventupuli.hr\/wp-content\/uploads\/2025\/09\/1Advent-u-Areni1.jpg\" alt=\"location image\" \/><\/a>\n                    <\/div>\n                                        <div class=\"location-des\">\n                        <a href=\"https:\/\/adventupuli.hr\/en\/event-location\/arena-en\/\">\n                            <span class=\"location-name\">Arena<\/span>\n                            <span class=\"event-number\">3 Events<\/span>\n                        <\/a>\n                    <\/div>\n                <\/div>\n            <\/div>\n                    <div class=\"col-lg-4 col-md-6\">\n                <div class=\"location-box\">\n                                        <div class=\"location-image\">\n                    <a href=\"https:\/\/adventupuli.hr\/en\/event-location\/forum-square\/\"><img decoding=\"async\" src=\"\/\/adventupuli.hr\/wp-content\/uploads\/2025\/09\/FORUM-1.jpg\" alt=\"location image\" \/><\/a>\n                    <\/div>\n                                        <div class=\"location-des\">\n                        <a href=\"https:\/\/adventupuli.hr\/en\/event-location\/forum-square\/\">\n                            <span class=\"location-name\">Forum Square<\/span>\n                            <span class=\"event-number\">17 Events<\/span>\n                        <\/a>\n                    <\/div>\n                <\/div>\n            <\/div>\n                    <div class=\"col-lg-4 col-md-6\">\n                <div class=\"location-box\">\n                                        <div class=\"location-image\">\n                    <a href=\"https:\/\/adventupuli.hr\/en\/event-location\/other\/\"><img decoding=\"async\" src=\"\/\/adventupuli.hr\/wp-content\/uploads\/2025\/11\/ostalo-lokacija.jpg\" alt=\"location image\" \/><\/a>\n                    <\/div>\n                                        <div class=\"location-des\">\n                        <a href=\"https:\/\/adventupuli.hr\/en\/event-location\/other\/\">\n                            <span class=\"location-name\">Other<\/span>\n                            <span class=\"event-number\">56 Events<\/span>\n                        <\/a>\n                    <\/div>\n                <\/div>\n            <\/div>\n                    <div class=\"col-lg-4 col-md-6\">\n                <div class=\"location-box\">\n                                        <div class=\"location-image\">\n                    <a href=\"https:\/\/adventupuli.hr\/en\/event-location\/graz-city-park\/\"><img decoding=\"async\" src=\"\/\/adventupuli.hr\/wp-content\/uploads\/2025\/09\/park_grada_graza_-1.jpg\" alt=\"location image\" \/><\/a>\n                    <\/div>\n                                        <div class=\"location-des\">\n                        <a href=\"https:\/\/adventupuli.hr\/en\/event-location\/graz-city-park\/\">\n                            <span class=\"location-name\">Graz City Park<\/span>\n                            <span class=\"event-number\">18 Events<\/span>\n                        <\/a>\n                    <\/div>\n                <\/div>\n            <\/div>\n                    <div class=\"col-lg-4 col-md-6\">\n                <div class=\"location-box\">\n                                        <div class=\"location-image\">\n                    <a href=\"https:\/\/adventupuli.hr\/en\/event-location\/portarata-square\/\"><img decoding=\"async\" src=\"\/\/adventupuli.hr\/wp-content\/uploads\/2025\/09\/portarata.png\" alt=\"location image\" \/><\/a>\n                    <\/div>\n                                        <div class=\"location-des\">\n                        <a href=\"https:\/\/adventupuli.hr\/en\/event-location\/portarata-square\/\">\n                            <span class=\"location-name\">Portarata Square<\/span>\n                            <span class=\"event-number\">16 Events<\/span>\n                        <\/a>\n                    <\/div>\n                <\/div>\n            <\/div>\n                    <div class=\"col-lg-4 col-md-6\">\n                <div class=\"location-box\">\n                                        <div class=\"location-image\">\n                    <a href=\"https:\/\/adventupuli.hr\/en\/event-location\/pula-center-market\/\"><img decoding=\"async\" src=\"\/\/adventupuli.hr\/wp-content\/uploads\/2025\/09\/TRZNICA-1.jpg\" alt=\"location image\" \/><\/a>\n                    <\/div>\n                                        <div class=\"location-des\">\n                        <a href=\"https:\/\/adventupuli.hr\/en\/event-location\/pula-center-market\/\">\n                            <span class=\"location-name\">Pula Center Market<\/span>\n                            <span class=\"event-number\">7 Events<\/span>\n                        <\/a>\n                    <\/div>\n                <\/div>\n            <\/div>\n           \n    <\/div>\n\t\t\t\t<\/div>\n\t\t\t\t<\/div>\n\t\t\t\t\t<\/div>\n\t\t<\/div>\n\t\t\t\t\t<\/div>\n\t\t<\/section>\n\t\t\t\t<section class=\"elementor-section elementor-top-section elementor-element elementor-element-f78e7f9 elementor-section-boxed elementor-section-height-default elementor-section-height-default\" data-id=\"f78e7f9\" data-element_type=\"section\">\n\t\t\t\t\t\t<div class=\"elementor-container elementor-column-gap-default\">\n\t\t\t\t\t<div class=\"elementor-column elementor-col-100 elementor-top-column elementor-element elementor-element-95ae8ef\" data-id=\"95ae8ef\" data-element_type=\"column\">\n\t\t\t<div class=\"elementor-widget-wrap\">\n\t\t\t\t\t\t\t<\/div>\n\t\t<\/div>\n\t\t\t\t\t<\/div>\n\t\t<\/section>\n\t\t\t\t<\/div>\n\t\t","protected":false},"excerpt":{"rendered":"<p>Location Advent u Katedrali 0 Events Arena 0 Events Dje\u010dja knji\u017enica (Smareglina 2) 0 Events ex ljekarna 0 Events Fontana ispred Mullera 0 Events Forum 0 Events Gornji Giardini 0 Events INK 0 Events Ka\u0161tel 0 Events Knji\u017enica Veruda 0 Events Park grada Graza 0 Events Portarata 0 Events Pula Valkane T-mol 0 Events Sredi\u0161nja [&hellip;]<\/p>\n","protected":false},"author":1,"featured_media":0,"parent":0,"menu_order":0,"comment_status":"closed","ping_status":"closed","template":"elementor_header_footer","meta":{"_acf_changed":false,"footnotes":""},"class_list":["post-17191","page","type-page","status-publish","hentry"],"acf":[],"aioseo_notices":[],"_links":{"self":[{"href":"https:\/\/adventupuli.hr\/en\/wp-json\/wp\/v2\/pages\/17191","targetHints":{"allow":["GET"]}}],"collection":[{"href":"https:\/\/adventupuli.hr\/en\/wp-json\/wp\/v2\/pages"}],"about":[{"href":"https:\/\/adventupuli.hr\/en\/wp-json\/wp\/v2\/types\/page"}],"author":[{"embeddable":true,"href":"https:\/\/adventupuli.hr\/en\/wp-json\/wp\/v2\/users\/1"}],"replies":[{"embeddable":true,"href":"https:\/\/adventupuli.hr\/en\/wp-json\/wp\/v2\/comments?post=17191"}],"version-history":[{"count":4,"href":"https:\/\/adventupuli.hr\/en\/wp-json\/wp\/v2\/pages\/17191\/revisions"}],"predecessor-version":[{"id":21462,"href":"https:\/\/adventupuli.hr\/en\/wp-json\/wp\/v2\/pages\/17191\/revisions\/21462"}],"wp:attachment":[{"href":"https:\/\/adventupuli.hr\/en\/wp-json\/wp\/v2\/media?parent=17191"}],"curies":[{"name":"wp","href":"https:\/\/api.w.org\/{rel}","templated":true}]}}